{"id":27975,"date":"2024-10-09T12:51:23","date_gmt":"2024-10-09T12:51:23","guid":{"rendered":"http:\/\/stroma.ee.klient.veebimajutus.ee\/?page_id=27975"},"modified":"2024-10-23T12:21:42","modified_gmt":"2024-10-23T12:21:42","slug":"edasimuujad","status":"publish","type":"page","link":"http:\/\/stroma.ee\/en\/edasimuujad\/","title":{"rendered":"Resellers"},"content":{"rendered":"<div data-elementor-type=\"wp-page\" data-elementor-id=\"27975\" class=\"elementor elementor-27975\">\n\t\t\t\t<div class=\"elementor-element elementor-element-78cc3e8 e-con-full e-flex e-con e-parent\" data-id=\"78cc3e8\" data-element_type=\"container\" data-e-type=\"container\">\n\t\t\t\t<div class=\"elementor-element elementor-element-8946d00 wd-page-title-el elementor-widget elementor-widget-wd_page_title\" data-id=\"8946d00\" data-element_type=\"widget\" data-e-type=\"widget\" data-widget_type=\"wd_page_title.default\">\n\t\t\t\t<div class=\"elementor-widget-container\">\n\t\t\t\t\t\t\t\t\t<div class=\"wd-page-title page-title  page-title-default title-size-default title-design-default wd-section-stretch color-scheme-light\" style=\"\">\n\t\t\t\t\t<div class=\"wd-page-title-bg wd-fill\">\n\t\t\t\t\t\t<img loading=\"lazy\" decoding=\"async\" width=\"1900\" height=\"700\" src=\"https:\/\/stroma.ee\/wp-content\/uploads\/2024\/02\/slide03.jpg\" class=\"attachment-full size-full\" alt=\"\" srcset=\"https:\/\/stroma.ee\/wp-content\/uploads\/2024\/02\/slide03.jpg 1900w, https:\/\/stroma.ee\/wp-content\/uploads\/2024\/02\/slide03-400x147.jpg 400w, https:\/\/stroma.ee\/wp-content\/uploads\/2024\/02\/slide03-1300x479.jpg 1300w, https:\/\/stroma.ee\/wp-content\/uploads\/2024\/02\/slide03-768x283.jpg 768w, https:\/\/stroma.ee\/wp-content\/uploads\/2024\/02\/slide03-1536x566.jpg 1536w, https:\/\/stroma.ee\/wp-content\/uploads\/2024\/02\/slide03-430x158.jpg 430w, https:\/\/stroma.ee\/wp-content\/uploads\/2024\/02\/slide03-700x258.jpg 700w, https:\/\/stroma.ee\/wp-content\/uploads\/2024\/02\/slide03-150x55.jpg 150w\" sizes=\"auto, (max-width: 1900px) 100vw, 1900px\" \/>\t\t\t\t\t<\/div>\n\t\t\t\t\t<div class=\"container\">\n\t\t\t\t\t\t\t\t\t\t\t\t\t\t\t\t\t\t\t\t\t<h1 class=\"entry-title title\">\n\t\t\t\t\t\t\t\t\tResellers\t\t\t\t\t\t\t\t<\/h1>\n\n\t\t\t\t\t\t\t\t\t\t\t\t\t\t\t\n\t\t\t\t\t\t\t\t\t\t\t\t\t\t\t<nav class=\"wd-breadcrumbs\"><a href=\"http:\/\/stroma.ee\/en\/\">Home<\/a><span class=\"wd-delimiter\"><\/span><span class=\"wd-last\">Page<\/span><\/nav>\t\t\t\t\t\t\t\t\t\t\t\t\t\t\t\t\t\t<\/div>\n\t\t\t\t<\/div>\n\t\t\t\t\t\t\t<\/div>\n\t\t\t\t<\/div>\n\t\t\t\t<\/div>\n\t\t<div class=\"elementor-element elementor-element-b8c8808 e-flex e-con-boxed e-con e-parent\" data-id=\"b8c8808\" data-element_type=\"container\" data-e-type=\"container\">\n\t\t\t\t\t<div class=\"e-con-inner\">\n\t\t<div class=\"elementor-element elementor-element-5f45ce4 e-con-full e-flex e-con e-child\" data-id=\"5f45ce4\" data-element_type=\"container\" data-e-type=\"container\">\n\t\t\t\t<div class=\"elementor-element elementor-element-fb05228 elementor-position-top elementor-widget elementor-widget-image-box\" data-id=\"fb05228\" data-element_type=\"widget\" data-e-type=\"widget\" data-widget_type=\"image-box.default\">\n\t\t\t\t<div class=\"elementor-widget-container\">\n\t\t\t\t\t<div class=\"elementor-image-box-wrapper\"><figure class=\"elementor-image-box-img\"><a href=\"\/en\/edasimuujad\/edasimuujate-kauplused\/\" tabindex=\"-1\"><img loading=\"lazy\" decoding=\"async\" width=\"800\" height=\"533\" src=\"https:\/\/stroma.ee\/wp-content\/uploads\/2024\/10\/dealers-shop.jpg\" class=\"elementor-animation-float attachment-full size-full wp-image-28142\" alt=\"\" srcset=\"https:\/\/stroma.ee\/wp-content\/uploads\/2024\/10\/dealers-shop.jpg 800w, https:\/\/stroma.ee\/wp-content\/uploads\/2024\/10\/dealers-shop-400x267.jpg 400w, https:\/\/stroma.ee\/wp-content\/uploads\/2024\/10\/dealers-shop-768x512.jpg 768w, https:\/\/stroma.ee\/wp-content\/uploads\/2024\/10\/dealers-shop-18x12.jpg 18w, https:\/\/stroma.ee\/wp-content\/uploads\/2024\/10\/dealers-shop-430x286.jpg 430w, https:\/\/stroma.ee\/wp-content\/uploads\/2024\/10\/dealers-shop-700x466.jpg 700w, https:\/\/stroma.ee\/wp-content\/uploads\/2024\/10\/dealers-shop-150x100.jpg 150w\" sizes=\"auto, (max-width: 800px) 100vw, 800px\" \/><\/a><\/figure><div class=\"elementor-image-box-content\"><h3 class=\"elementor-image-box-title\"><a href=\"\/en\/edasimuujad\/edasimuujate-kauplused\/\">Resellers shops<\/a><\/h3><\/div><\/div>\t\t\t\t<\/div>\n\t\t\t\t<\/div>\n\t\t\t\t<\/div>\n\t\t<div class=\"elementor-element elementor-element-363905a e-con-full e-flex e-con e-child\" data-id=\"363905a\" data-element_type=\"container\" data-e-type=\"container\">\n\t\t\t\t<div class=\"elementor-element elementor-element-94f0634 elementor-position-top elementor-widget elementor-widget-image-box\" data-id=\"94f0634\" data-element_type=\"widget\" data-e-type=\"widget\" data-widget_type=\"image-box.default\">\n\t\t\t\t<div class=\"elementor-widget-container\">\n\t\t\t\t\t<div class=\"elementor-image-box-wrapper\"><figure class=\"elementor-image-box-img\"><a href=\"\/en\/edasimuujad\/edasimuujate-e-poed\/\" tabindex=\"-1\"><img loading=\"lazy\" decoding=\"async\" width=\"800\" height=\"534\" src=\"https:\/\/stroma.ee\/wp-content\/uploads\/2024\/10\/dealers-eshop.jpg\" class=\"elementor-animation-float attachment-full size-full wp-image-28145\" alt=\"\" srcset=\"https:\/\/stroma.ee\/wp-content\/uploads\/2024\/10\/dealers-eshop.jpg 800w, https:\/\/stroma.ee\/wp-content\/uploads\/2024\/10\/dealers-eshop-400x267.jpg 400w, https:\/\/stroma.ee\/wp-content\/uploads\/2024\/10\/dealers-eshop-768x513.jpg 768w, https:\/\/stroma.ee\/wp-content\/uploads\/2024\/10\/dealers-eshop-18x12.jpg 18w, https:\/\/stroma.ee\/wp-content\/uploads\/2024\/10\/dealers-eshop-430x287.jpg 430w, https:\/\/stroma.ee\/wp-content\/uploads\/2024\/10\/dealers-eshop-700x467.jpg 700w, https:\/\/stroma.ee\/wp-content\/uploads\/2024\/10\/dealers-eshop-150x100.jpg 150w\" sizes=\"auto, (max-width: 800px) 100vw, 800px\" \/><\/a><\/figure><div class=\"elementor-image-box-content\"><h3 class=\"elementor-image-box-title\"><a href=\"\/en\/edasimuujad\/edasimuujate-e-poed\/\">Resellers e-shop<\/a><\/h3><\/div><\/div>\t\t\t\t<\/div>\n\t\t\t\t<\/div>\n\t\t\t\t<\/div>\n\t\t\t\t\t<\/div>\n\t\t\t\t<\/div>\n\t\t\t\t<\/div>","protected":false},"excerpt":{"rendered":"<p>Edasim\u00fc\u00fcjate kauplused Edasim\u00fc\u00fcjate e-poed<\/p>","protected":false},"author":1,"featured_media":0,"parent":0,"menu_order":0,"comment_status":"closed","ping_status":"closed","template":"","meta":{"footnotes":""},"class_list":["post-27975","page","type-page","status-publish","hentry"],"yoast_head":"<!-- This site is optimized with the Yoast SEO plugin v27.2 - https:\/\/yoast.com\/product\/yoast-seo-wordpress\/ -->\n<title>Edasim\u00fc\u00fcjad - Tere tulemast Stroma.ee<\/title>\n<meta name=\"robots\" content=\"index, follow, max-snippet:-1, max-image-preview:large, max-video-preview:-1\" \/>\n<link rel=\"canonical\" href=\"https:\/\/stroma.ee\/en\/edasimuujad\/\" \/>\n<meta property=\"og:locale\" content=\"en_GB\" \/>\n<meta property=\"og:type\" content=\"article\" \/>\n<meta property=\"og:title\" content=\"Edasim\u00fc\u00fcjad - Tere tulemast Stroma.ee\" \/>\n<meta property=\"og:description\" content=\"Edasim\u00fc\u00fcjate kauplused Edasim\u00fc\u00fcjate e-poed\" \/>\n<meta property=\"og:url\" content=\"https:\/\/stroma.ee\/en\/edasimuujad\/\" \/>\n<meta property=\"og:site_name\" content=\"Tere tulemast Stroma.ee\" \/>\n<meta property=\"article:modified_time\" content=\"2024-10-23T12:21:42+00:00\" \/>\n<meta property=\"og:image\" content=\"http:\/\/stroma.ee.klient.veebimajutus.ee\/wp-content\/uploads\/2024\/10\/dealers-shop.jpg\" \/>\n<meta name=\"twitter:card\" content=\"summary_large_image\" \/>\n<meta name=\"twitter:label1\" content=\"Estimated reading time\" \/>\n\t<meta name=\"twitter:data1\" content=\"1 minute\" \/>\n<script type=\"application\/ld+json\" class=\"yoast-schema-graph\">{\"@context\":\"https:\/\/schema.org\",\"@graph\":[{\"@type\":\"WebPage\",\"@id\":\"https:\/\/stroma.ee\/edasimuujad\/\",\"url\":\"https:\/\/stroma.ee\/edasimuujad\/\",\"name\":\"Edasim\u00fc\u00fcjad - Tere tulemast Stroma.ee\",\"isPartOf\":{\"@id\":\"https:\/\/stroma.ee\/#website\"},\"primaryImageOfPage\":{\"@id\":\"https:\/\/stroma.ee\/edasimuujad\/#primaryimage\"},\"image\":{\"@id\":\"https:\/\/stroma.ee\/edasimuujad\/#primaryimage\"},\"thumbnailUrl\":\"http:\/\/stroma.ee.klient.veebimajutus.ee\/wp-content\/uploads\/2024\/10\/dealers-shop.jpg\",\"datePublished\":\"2024-10-09T12:51:23+00:00\",\"dateModified\":\"2024-10-23T12:21:42+00:00\",\"breadcrumb\":{\"@id\":\"https:\/\/stroma.ee\/edasimuujad\/#breadcrumb\"},\"inLanguage\":\"en-GB\",\"potentialAction\":[{\"@type\":\"ReadAction\",\"target\":[\"https:\/\/stroma.ee\/edasimuujad\/\"]}]},{\"@type\":\"ImageObject\",\"inLanguage\":\"en-GB\",\"@id\":\"https:\/\/stroma.ee\/edasimuujad\/#primaryimage\",\"url\":\"http:\/\/stroma.ee.klient.veebimajutus.ee\/wp-content\/uploads\/2024\/10\/dealers-shop.jpg\",\"contentUrl\":\"http:\/\/stroma.ee.klient.veebimajutus.ee\/wp-content\/uploads\/2024\/10\/dealers-shop.jpg\"},{\"@type\":\"BreadcrumbList\",\"@id\":\"https:\/\/stroma.ee\/edasimuujad\/#breadcrumb\",\"itemListElement\":[{\"@type\":\"ListItem\",\"position\":1,\"name\":\"Home\",\"item\":\"https:\/\/stroma.ee\/\"},{\"@type\":\"ListItem\",\"position\":2,\"name\":\"Edasim\u00fc\u00fcjad\"}]},{\"@type\":\"WebSite\",\"@id\":\"https:\/\/stroma.ee\/#website\",\"url\":\"https:\/\/stroma.ee\/\",\"name\":\"Tere tulemast Stroma.ee\",\"description\":\"\",\"potentialAction\":[{\"@type\":\"SearchAction\",\"target\":{\"@type\":\"EntryPoint\",\"urlTemplate\":\"https:\/\/stroma.ee\/?s={search_term_string}\"},\"query-input\":{\"@type\":\"PropertyValueSpecification\",\"valueRequired\":true,\"valueName\":\"search_term_string\"}}],\"inLanguage\":\"en-GB\"}]}<\/script>\n<!-- \/ Yoast SEO plugin. -->","yoast_head_json":{"title":"Edasim\u00fc\u00fcjad - Tere tulemast Stroma.ee","robots":{"index":"index","follow":"follow","max-snippet":"max-snippet:-1","max-image-preview":"max-image-preview:large","max-video-preview":"max-video-preview:-1"},"canonical":"https:\/\/stroma.ee\/en\/edasimuujad\/","og_locale":"en_GB","og_type":"article","og_title":"Edasim\u00fc\u00fcjad - Tere tulemast Stroma.ee","og_description":"Edasim\u00fc\u00fcjate kauplused Edasim\u00fc\u00fcjate e-poed","og_url":"https:\/\/stroma.ee\/en\/edasimuujad\/","og_site_name":"Tere tulemast Stroma.ee","article_modified_time":"2024-10-23T12:21:42+00:00","og_image":[{"url":"http:\/\/stroma.ee.klient.veebimajutus.ee\/wp-content\/uploads\/2024\/10\/dealers-shop.jpg","type":"","width":"","height":""}],"twitter_card":"summary_large_image","twitter_misc":{"Estimated reading time":"1 minute"},"schema":{"@context":"https:\/\/schema.org","@graph":[{"@type":"WebPage","@id":"https:\/\/stroma.ee\/edasimuujad\/","url":"https:\/\/stroma.ee\/edasimuujad\/","name":"Edasim\u00fc\u00fcjad - Tere tulemast Stroma.ee","isPartOf":{"@id":"https:\/\/stroma.ee\/#website"},"primaryImageOfPage":{"@id":"https:\/\/stroma.ee\/edasimuujad\/#primaryimage"},"image":{"@id":"https:\/\/stroma.ee\/edasimuujad\/#primaryimage"},"thumbnailUrl":"http:\/\/stroma.ee.klient.veebimajutus.ee\/wp-content\/uploads\/2024\/10\/dealers-shop.jpg","datePublished":"2024-10-09T12:51:23+00:00","dateModified":"2024-10-23T12:21:42+00:00","breadcrumb":{"@id":"https:\/\/stroma.ee\/edasimuujad\/#breadcrumb"},"inLanguage":"en-GB","potentialAction":[{"@type":"ReadAction","target":["https:\/\/stroma.ee\/edasimuujad\/"]}]},{"@type":"ImageObject","inLanguage":"en-GB","@id":"https:\/\/stroma.ee\/edasimuujad\/#primaryimage","url":"http:\/\/stroma.ee.klient.veebimajutus.ee\/wp-content\/uploads\/2024\/10\/dealers-shop.jpg","contentUrl":"http:\/\/stroma.ee.klient.veebimajutus.ee\/wp-content\/uploads\/2024\/10\/dealers-shop.jpg"},{"@type":"BreadcrumbList","@id":"https:\/\/stroma.ee\/edasimuujad\/#breadcrumb","itemListElement":[{"@type":"ListItem","position":1,"name":"Home","item":"https:\/\/stroma.ee\/"},{"@type":"ListItem","position":2,"name":"Edasim\u00fc\u00fcjad"}]},{"@type":"WebSite","@id":"https:\/\/stroma.ee\/#website","url":"https:\/\/stroma.ee\/","name":"Tere tulemast Stroma.ee","description":"","potentialAction":[{"@type":"SearchAction","target":{"@type":"EntryPoint","urlTemplate":"https:\/\/stroma.ee\/?s={search_term_string}"},"query-input":{"@type":"PropertyValueSpecification","valueRequired":true,"valueName":"search_term_string"}}],"inLanguage":"en-GB"}]}},"_links":{"self":[{"href":"http:\/\/stroma.ee\/en\/wp-json\/wp\/v2\/pages\/27975","targetHints":{"allow":["GET"]}}],"collection":[{"href":"http:\/\/stroma.ee\/en\/wp-json\/wp\/v2\/pages"}],"about":[{"href":"http:\/\/stroma.ee\/en\/wp-json\/wp\/v2\/types\/page"}],"author":[{"embeddable":true,"href":"http:\/\/stroma.ee\/en\/wp-json\/wp\/v2\/users\/1"}],"replies":[{"embeddable":true,"href":"http:\/\/stroma.ee\/en\/wp-json\/wp\/v2\/comments?post=27975"}],"version-history":[{"count":19,"href":"http:\/\/stroma.ee\/en\/wp-json\/wp\/v2\/pages\/27975\/revisions"}],"predecessor-version":[{"id":28148,"href":"http:\/\/stroma.ee\/en\/wp-json\/wp\/v2\/pages\/27975\/revisions\/28148"}],"wp:attachment":[{"href":"http:\/\/stroma.ee\/en\/wp-json\/wp\/v2\/media?parent=27975"}],"curies":[{"name":"wp","href":"https:\/\/api.w.org\/{rel}","templated":true}]}}